{"id":143201,"date":"2024-02-15T16:20:29","date_gmt":"2024-02-15T15:20:29","guid":{"rendered":"https:\/\/spadiora.com\/?post_type=product&#038;p=143201"},"modified":"2025-02-25T12:38:38","modified_gmt":"2025-02-25T11:38:38","slug":"silk-scarf-juicy","status":"publish","type":"product","link":"https:\/\/spadiora.com\/en\/product\/silk-scarf-juicy\/","title":{"rendered":"Silk scarf &#8220;Juicy&#8221;"},"content":{"rendered":"<p>Our body should be a reason for pride, joy and happiness. Every body &#8211; regardless of age, size, origin, religion, views or sexual orientation. What makes us different from others makes us also unique. Our body is the home of our feminine energy. So why shouldn\u2019t this house be a beautiful place? Let the juicy scarf with pussy, breasts and buttocks be an excuse to look at your femininity in a friendlier, more positive energy.<\/p>\n<p><strong>Illustrator: Magdalena R\u00f3\u017ca\u0144ska- kika_illu<\/strong><\/p>\n<p><strong>All purchased silk scarves are always packaged in dedicated gift boxes.<\/strong><\/p>\n<p>Our silk scarves have hand-rolled edges, so the tolerance for each dimension is up to 5%.<\/p>\n<p>&nbsp;<\/p>\n","protected":false},"excerpt":{"rendered":"<p>Our body should be a reason for pride, joy and happiness. Every body &#8211; regardless of age, size, origin, religion, views or sexual orientation. What makes us different from others makes us also unique. Our body is the home of our feminine energy. So why shouldn\u2019t this house be a beautiful place? Let the juicy [&hellip;]<\/p>\n","protected":false},"featured_media":143202,"comment_status":"open","ping_status":"closed","template":"","meta":{"_acf_changed":false,"content-type":"","inline_featured_image":false},"product_brand":[],"product_cat":[1527,7210,7211,7165,7166,7148,7151,7183,7185,7189,7184,7190,7182,7186,7192,7147,7174,7172,7169,7171,7187,7173,7170,7149,7188,7152,7203,7158,7194,7161,7202,7162,7159,7193,7195,7206,7160,1525,7168,7164],"product_tag":[],"class_list":{"0":"swiper-slide","1":"post-143201","2":"product","3":"type-product","4":"status-publish","5":"has-post-thumbnail","7":"product_cat-silk-scarf","8":"product_cat-40th-birthday-gift-for-her","9":"product_cat-50th-birthday-gift-for-her","10":"product_cat-cobalt-silk-scarves","11":"product_cat-colorful-silk-scarf","12":"product_cat-elegant-business-gifts","13":"product_cat-elegant-gift-for-boss-en","14":"product_cat-elegant-gift-for-director","15":"product_cat-elegant-gift-for-doctor","16":"product_cat-elegant-gift-for-her","17":"product_cat-elegant-gift-for-journalist","18":"product_cat-elegant-gift-for-lawyer-en","19":"product_cat-elegant-gift-for-lawyer","20":"product_cat-elegant-gift-for-mother","21":"product_cat-elegant-silk-scarf","22":"product_cat-exclusive-gifts","23":"product_cat-gift-for-40th-birthday","24":"product_cat-gift-for-accountant","25":"product_cat-gift-for-architect","26":"product_cat-gift-for-beautician","27":"product_cat-gift-for-manager","28":"product_cat-gift-for-mother-in-law","29":"product_cat-gift-for-pharmacist","30":"product_cat-gift-for-sister","31":"product_cat-gift-for-teacher","32":"product_cat-gift-set-for-her","33":"product_cat-green-silk-scarf","34":"product_cat-large-silk-scarf","35":"product_cat-navy-blue-silk-scarf","36":"product_cat-orange-silk-scarf","37":"product_cat-patterned-silk-scarf","38":"product_cat-pink-silk-scarf","39":"product_cat-printed-silk-scraf","40":"product_cat-purple-silk-scarf","41":"product_cat-scarf-for-women","42":"product_cat-silk-hair-scarf","43":"product_cat-silk-small-scarf","44":"product_cat-silk-twill-scarf","45":"product_cat-stylish-scarves","46":"product_cat-turquoise-silk-scarf","47":"product_shipping_class-kurier-dpd","49":"first","50":"outofstock","51":"taxable","52":"shipping-taxable","53":"purchasable","54":"product-type-variable","55":"add-to-wishlist-before_image"},"acf":[],"_links":{"self":[{"href":"https:\/\/spadiora.com\/en\/wp-json\/wp\/v2\/product\/143201","targetHints":{"allow":["GET"]}}],"collection":[{"href":"https:\/\/spadiora.com\/en\/wp-json\/wp\/v2\/product"}],"about":[{"href":"https:\/\/spadiora.com\/en\/wp-json\/wp\/v2\/types\/product"}],"replies":[{"embeddable":true,"href":"https:\/\/spadiora.com\/en\/wp-json\/wp\/v2\/comments?post=143201"}],"wp:featuredmedia":[{"embeddable":true,"href":"https:\/\/spadiora.com\/en\/wp-json\/wp\/v2\/media\/143202"}],"wp:attachment":[{"href":"https:\/\/spadiora.com\/en\/wp-json\/wp\/v2\/media?parent=143201"}],"wp:term":[{"taxonomy":"product_brand","embeddable":true,"href":"https:\/\/spadiora.com\/en\/wp-json\/wp\/v2\/product_brand?post=143201"},{"taxonomy":"product_cat","embeddable":true,"href":"https:\/\/spadiora.com\/en\/wp-json\/wp\/v2\/product_cat?post=143201"},{"taxonomy":"product_tag","embeddable":true,"href":"https:\/\/spadiora.com\/en\/wp-json\/wp\/v2\/product_tag?post=143201"}],"curies":[{"name":"wp","href":"https:\/\/api.w.org\/{rel}","templated":true}]}}