{"id":143291,"date":"2024-02-15T16:06:25","date_gmt":"2024-02-15T15:06:25","guid":{"rendered":"https:\/\/spadiora.com\/?post_type=product&#038;p=143291"},"modified":"2025-02-25T12:38:58","modified_gmt":"2025-02-25T11:38:58","slug":"silk-scarf-the-elements","status":"publish","type":"product","link":"https:\/\/spadiora.com\/en\/product\/silk-scarf-the-elements\/","title":{"rendered":"Silk Scarf &#8220;The elements&#8221;"},"content":{"rendered":"<p>Elements in a variety of versions &#8230; The whole world is made of them. Each of us is made of small particles. They are the beginning of everything and teach us how to create\u2026the whole world. Elements &#8211; water, fire, air and earth. So extreme and so irreplacable. They cooperate, but it\u2019s a moment when they will stand up against each other. Entangled in complicated relationships, they cannot exist without each other. Strong and gentle, courageous and compliant, menacing and gentle, creative and destructive. Just like us &#8211; Women.<\/p>\n<p><strong>Illustrator: Magdalena R\u00f3\u017ca\u0144ska- kika_illu<\/strong><\/p>\n<p><strong>All purchased silk scarves are always packaged in dedicated gift boxes.<\/strong><\/p>\n<p>Our silk scarves have hand-rolled edges, so the tolerance for each dimension is up to 5%.<\/p>\n<p>&nbsp;<\/p>\n","protected":false},"excerpt":{"rendered":"<p>Elements in a variety of versions &#8230; The whole world is made of them. Each of us is made of small particles. They are the beginning of everything and teach us how to create\u2026the whole world. Elements &#8211; water, fire, air and earth. So extreme and so irreplacable. They cooperate, but it\u2019s a moment when [&hellip;]<\/p>\n","protected":false},"featured_media":143292,"comment_status":"open","ping_status":"closed","template":"","meta":{"_acf_changed":false,"content-type":"","inline_featured_image":false},"product_brand":[],"product_cat":[1527,7210,7211,7166,7148,7151,7183,7185,7189,7184,7190,7182,7186,7192,7147,7174,7172,7169,7171,7187,7173,7170,7149,7188,7152,7158,7194,7161,7202,7162,7159,7195,7206,7160,1525,7168],"product_tag":[],"class_list":{"0":"swiper-slide","1":"post-143291","2":"product","3":"type-product","4":"status-publish","5":"has-post-thumbnail","7":"product_cat-silk-scarf","8":"product_cat-40th-birthday-gift-for-her","9":"product_cat-50th-birthday-gift-for-her","10":"product_cat-colorful-silk-scarf","11":"product_cat-elegant-business-gifts","12":"product_cat-elegant-gift-for-boss-en","13":"product_cat-elegant-gift-for-director","14":"product_cat-elegant-gift-for-doctor","15":"product_cat-elegant-gift-for-her","16":"product_cat-elegant-gift-for-journalist","17":"product_cat-elegant-gift-for-lawyer-en","18":"product_cat-elegant-gift-for-lawyer","19":"product_cat-elegant-gift-for-mother","20":"product_cat-elegant-silk-scarf","21":"product_cat-exclusive-gifts","22":"product_cat-gift-for-40th-birthday","23":"product_cat-gift-for-accountant","24":"product_cat-gift-for-architect","25":"product_cat-gift-for-beautician","26":"product_cat-gift-for-manager","27":"product_cat-gift-for-mother-in-law","28":"product_cat-gift-for-pharmacist","29":"product_cat-gift-for-sister","30":"product_cat-gift-for-teacher","31":"product_cat-gift-set-for-her","32":"product_cat-large-silk-scarf","33":"product_cat-navy-blue-silk-scarf","34":"product_cat-orange-silk-scarf","35":"product_cat-patterned-silk-scarf","36":"product_cat-pink-silk-scarf","37":"product_cat-printed-silk-scraf","38":"product_cat-scarf-for-women","39":"product_cat-silk-hair-scarf","40":"product_cat-silk-small-scarf","41":"product_cat-silk-twill-scarf","42":"product_cat-stylish-scarves","43":"product_shipping_class-kurier-dpd","45":"first","46":"instock","47":"taxable","48":"shipping-taxable","49":"purchasable","50":"product-type-variable","51":"add-to-wishlist-before_image"},"acf":[],"_links":{"self":[{"href":"https:\/\/spadiora.com\/en\/wp-json\/wp\/v2\/product\/143291","targetHints":{"allow":["GET"]}}],"collection":[{"href":"https:\/\/spadiora.com\/en\/wp-json\/wp\/v2\/product"}],"about":[{"href":"https:\/\/spadiora.com\/en\/wp-json\/wp\/v2\/types\/product"}],"replies":[{"embeddable":true,"href":"https:\/\/spadiora.com\/en\/wp-json\/wp\/v2\/comments?post=143291"}],"wp:featuredmedia":[{"embeddable":true,"href":"https:\/\/spadiora.com\/en\/wp-json\/wp\/v2\/media\/143292"}],"wp:attachment":[{"href":"https:\/\/spadiora.com\/en\/wp-json\/wp\/v2\/media?parent=143291"}],"wp:term":[{"taxonomy":"product_brand","embeddable":true,"href":"https:\/\/spadiora.com\/en\/wp-json\/wp\/v2\/product_brand?post=143291"},{"taxonomy":"product_cat","embeddable":true,"href":"https:\/\/spadiora.com\/en\/wp-json\/wp\/v2\/product_cat?post=143291"},{"taxonomy":"product_tag","embeddable":true,"href":"https:\/\/spadiora.com\/en\/wp-json\/wp\/v2\/product_tag?post=143291"}],"curies":[{"name":"wp","href":"https:\/\/api.w.org\/{rel}","templated":true}]}}