{"id":245432,"date":"2025-10-06T15:40:23","date_gmt":"2025-10-06T13:40:23","guid":{"rendered":"https:\/\/spadiora.com\/?post_type=product&#038;p=245432"},"modified":"2026-01-20T13:11:49","modified_gmt":"2026-01-20T12:11:49","slug":"double-sided-silk-scarf-dream","status":"publish","type":"product","link":"https:\/\/spadiora.com\/en\/product\/double-sided-silk-scarf-dream\/","title":{"rendered":"Double-Sided Silk Scarf \u201cDream\u201d"},"content":{"rendered":"<p>It&#8217;s a pattern about dreams. About what sticks in your memory and won&#8217;t let you forget. It doesn&#8217;t matter whether you believe in their meaning or treat them as random images. You surely remember at least one dream that has stayed with you forever. Sometimes they teach us something. Sometimes they tempt us to escape into them. Away from routine, to places where anything is possible. Look at her&#8230; What will you dream about today?<\/p>\n<p>Illustrator: Magdalena R\u00f3\u017ca\u0144ska- kika_illu<\/p>\n<p><strong>All purchased silk scarves are always packaged in dedicated gift boxes.<\/strong><\/p>\n<p>Our silk scarves have hand-rolled edges, so the tolerance for each dimension is up to 5%.<\/p>\n","protected":false},"excerpt":{"rendered":"<p>It&#8217;s a pattern about dreams. About what sticks in your memory and won&#8217;t let you forget. It doesn&#8217;t matter whether you believe in their meaning or treat them as random images. You surely remember at least one dream that has stayed with you forever. Sometimes they teach us something. Sometimes they tempt us to escape [&hellip;]<\/p>\n","protected":false},"featured_media":224104,"comment_status":"open","ping_status":"closed","template":"","meta":{"_acf_changed":false,"content-type":"","inline_featured_image":false},"product_brand":[],"product_cat":[1527,7210,7211,7156,7148,7151,7183,7185,7189,7184,7190,7182,7186,7192,7147,7174,7172,7169,7171,7187,7173,7170,7149,7188,7152,7158,7202,7159,7195,7206,7160,1525,7168,7191],"product_tag":[7836,7850,7851,2160,2032,2034,1885],"class_list":{"0":"swiper-slide","1":"post-245432","2":"product","3":"type-product","4":"status-publish","5":"has-post-thumbnail","7":"product_cat-silk-scarf","8":"product_cat-40th-birthday-gift-for-her","9":"product_cat-50th-birthday-gift-for-her","10":"product_cat-black-silk-scarf","11":"product_cat-elegant-business-gifts","12":"product_cat-elegant-gift-for-boss-en","13":"product_cat-elegant-gift-for-director","14":"product_cat-elegant-gift-for-doctor","15":"product_cat-elegant-gift-for-her","16":"product_cat-elegant-gift-for-journalist","17":"product_cat-elegant-gift-for-lawyer-en","18":"product_cat-elegant-gift-for-lawyer","19":"product_cat-elegant-gift-for-mother","20":"product_cat-elegant-silk-scarf","21":"product_cat-exclusive-gifts","22":"product_cat-gift-for-40th-birthday","23":"product_cat-gift-for-accountant","24":"product_cat-gift-for-architect","25":"product_cat-gift-for-beautician","26":"product_cat-gift-for-manager","27":"product_cat-gift-for-mother-in-law","28":"product_cat-gift-for-pharmacist","29":"product_cat-gift-for-sister","30":"product_cat-gift-for-teacher","31":"product_cat-gift-set-for-her","32":"product_cat-large-silk-scarf","33":"product_cat-patterned-silk-scarf","34":"product_cat-printed-silk-scraf","35":"product_cat-scarf-for-women","36":"product_cat-silk-hair-scarf","37":"product_cat-silk-small-scarf","38":"product_cat-silk-twill-scarf","39":"product_cat-stylish-scarves","40":"product_cat-two-color-silk-scarf","41":"product_tag-double-scarf","42":"product_tag-double-sided-silk-scarf-dream","43":"product_tag-dream","44":"product_tag-scarf","45":"product_tag-silk","46":"product_tag-silk-spadiora","47":"product_tag-spadiora","49":"first","50":"instock","51":"taxable","52":"shipping-taxable","53":"purchasable","54":"product-type-variable","55":"add-to-wishlist-before_image"},"acf":[],"_links":{"self":[{"href":"https:\/\/spadiora.com\/en\/wp-json\/wp\/v2\/product\/245432","targetHints":{"allow":["GET"]}}],"collection":[{"href":"https:\/\/spadiora.com\/en\/wp-json\/wp\/v2\/product"}],"about":[{"href":"https:\/\/spadiora.com\/en\/wp-json\/wp\/v2\/types\/product"}],"replies":[{"embeddable":true,"href":"https:\/\/spadiora.com\/en\/wp-json\/wp\/v2\/comments?post=245432"}],"wp:featuredmedia":[{"embeddable":true,"href":"https:\/\/spadiora.com\/en\/wp-json\/wp\/v2\/media\/224104"}],"wp:attachment":[{"href":"https:\/\/spadiora.com\/en\/wp-json\/wp\/v2\/media?parent=245432"}],"wp:term":[{"taxonomy":"product_brand","embeddable":true,"href":"https:\/\/spadiora.com\/en\/wp-json\/wp\/v2\/product_brand?post=245432"},{"taxonomy":"product_cat","embeddable":true,"href":"https:\/\/spadiora.com\/en\/wp-json\/wp\/v2\/product_cat?post=245432"},{"taxonomy":"product_tag","embeddable":true,"href":"https:\/\/spadiora.com\/en\/wp-json\/wp\/v2\/product_tag?post=245432"}],"curies":[{"name":"wp","href":"https:\/\/api.w.org\/{rel}","templated":true}]}}